{"id":787,"date":"2021-07-20T16:06:44","date_gmt":"2021-07-20T14:06:44","guid":{"rendered":"https:\/\/www.ingdbt.de\/content\/?page_id=787"},"modified":"2025-10-31T14:40:46","modified_gmt":"2025-10-31T13:40:46","slug":"neubau-schulbetreuung-markwald","status":"publish","type":"page","link":"https:\/\/www.ingdbt.de\/content\/neubau-schulbetreuung-markwald\/","title":{"rendered":"Neubau Schulbetreuung Markwald"},"content":{"rendered":"\n<section id=\"section-e20d48c7-7e5a-448b-9139-d78b370afa19\" class=\"wp-block-gutentor-image-slider gutentor-section gutentor-image-slider imageSlider-template1 text-left\"><div class=\"gutentor-grid-item-wrap\"><div class=\"gutentor-slider-wrapper\" data-dots=\"false\" data-arrows=\"false\" data-infinite=\"true\" data-nextarrow=\"fas fa-angle-right\" data-prevarrow=\"fas fa-angle-left\" data-autoplay=\"true\" data-autoplayspeed=\"5000\" data-fade=\"true\" data-speed=\"1500\"><div class=\"gutentor-slider-item\"><div class=\"gutentor-single-item gutentor-single-item-0\"><div class=\"gutentor-single-item-wrap\"><div class=\"gutentor-single-item-image-box\"><div class=\"gutentor-bg-image\"><div class=\"overlay\"><\/div><\/div><\/div><div class=\"gutentor-single-item-content\"><div class=\"grid-container\"><div class=\"slider-caption text-left\"><h2 class=\"gutentor-single-item-title\">Beratende Ingenieure f\u00fcr Bauwesen<\/h2><\/div><\/div><\/div><\/div><\/div><\/div><\/div><\/div><\/section>\n\n\n\n<section id=\"gmf63eb46\" class=\"wp-block-gutentor-m4 section-gmf63eb46 gutentor-module gutentor-advanced-columns\"><div class=\"grid-container\"><div class=\"grid-row\">\n<div id=\"col-gm8eb0e1\" class=\"wp-block-gutentor-m4-col col-gm8eb0e1 gutentor-single-column  grid-lg-12 grid-md-12 grid-12\"><div id=\"section-gm8eb0e1\" class=\"section-gm8eb0e1 gutentor-col-wrap\">\n<div id=\"section-g5d5c10\" class=\"wp-block-gutentor-e1 section-g5d5c10 gutentor-element gutentor-element-advanced-text\"><div class=\"gutentor-text-wrap\"><h2 class=\"gutentor-text\">Neubau Schulbetreuung Markwald<\/h2><\/div><\/div>\n\n\n\n<div id=\"section-g685b76\" class=\"wp-block-gutentor-e1 section-g685b76 gutentor-element gutentor-element-advanced-text\"><div class=\"gutentor-text-wrap\"><p class=\"gutentor-text\">M\u00fchlheim am Main, Forsthausstra\u00dfe 2<\/p><\/div><\/div>\n\n\n\n<div id=\"section-gc938ab\" class=\"wp-block-gutentor-e1 section-gc938ab gutentor-element gutentor-element-advanced-text\"><div class=\"gutentor-text-wrap\"><p class=\"gutentor-text\"><a href=\"https:\/\/www.ingdbt.de\/content\/schulen-und-kitas\/\"><span style=\"color:#1442a7\" class=\"has-inline-color\">&gt; \u00dcbersicht Schulen und Kitas<\/span><\/a><\/p><\/div><\/div>\n<\/div><\/div>\n<\/div><\/div><\/section>\n\n\n\n<section id=\"gm6ada843\" class=\"wp-block-gutentor-m4 section-gm6ada843 gutentor-module gutentor-advanced-columns\"><div class=\"grid-container\"><div class=\"grid-row\">\n<div id=\"col-gmf8cea5\" class=\"wp-block-gutentor-m4-col col-gmf8cea5 gutentor-single-column  grid-lg-4 grid-md-12 grid-12\"><div id=\"section-gmf8cea5\" class=\"section-gmf8cea5 gutentor-col-wrap\">\n<div id=\"section-g8cbb3c\" class=\"wp-block-gutentor-e6 section-g8cbb3c gutentor-element gutentor-element-image\"><div class=\"gutentor-element-image-box\"><div class=\"gutentor-image-thumb\"><img decoding=\"async\" class=\"normal-image\" src=\"https:\/\/www.ingdbt.de\/content\/wp-content\/uploads\/2021\/07\/markwald-1.jpg\"\/><\/div><\/div><\/div>\n<\/div><\/div>\n\n\n\n<div id=\"col-gmfb467b\" class=\"wp-block-gutentor-m4-col col-gmfb467b gutentor-single-column  grid-lg-4 grid-md-12 grid-12\"><div id=\"section-gmfb467b\" class=\"section-gmfb467b gutentor-col-wrap\">\n<div id=\"section-gfeed42\" class=\"wp-block-gutentor-e6 section-gfeed42 gutentor-element gutentor-element-image\"><div class=\"gutentor-element-image-box\"><div class=\"gutentor-image-thumb\"><img decoding=\"async\" class=\"normal-image\" src=\"https:\/\/www.ingdbt.de\/content\/wp-content\/uploads\/2021\/07\/markwald-2.jpg\"\/><\/div><\/div><\/div>\n<\/div><\/div>\n\n\n\n<div id=\"col-gme2e088\" class=\"wp-block-gutentor-m4-col col-gme2e088 gutentor-single-column  grid-lg-4 grid-md-12 grid-12\"><div id=\"section-gme2e088\" class=\"section-gme2e088 gutentor-col-wrap\">\n<div id=\"section-g8a8194\" class=\"wp-block-gutentor-e6 section-g8a8194 gutentor-element gutentor-element-image\"><div class=\"gutentor-element-image-box\"><div class=\"gutentor-image-thumb\"><img decoding=\"async\" class=\"normal-image\" src=\"https:\/\/www.ingdbt.de\/content\/wp-content\/uploads\/2021\/07\/markwald-3.jpg\"\/><\/div><\/div><\/div>\n<\/div><\/div>\n<\/div><\/div><\/section>\n\n\n\n<section id=\"gm7cb77a6\" class=\"wp-block-gutentor-m4 section-gm7cb77a6 gutentor-module gutentor-advanced-columns\"><div class=\"grid-container\"><div class=\"grid-row\">\n<div id=\"col-gm7b81d0\" class=\"wp-block-gutentor-m4-col col-gm7b81d0 gutentor-single-column  grid-lg-12 grid-md-12 grid-12\"><div id=\"section-gm7b81d0\" class=\"section-gm7b81d0 gutentor-col-wrap\">\n<div id=\"section-ge679e8\" class=\"wp-block-gutentor-e1 section-ge679e8 gutentor-element gutentor-element-advanced-text\"><div class=\"gutentor-text-wrap\"><h4 class=\"gutentor-text\">Leistungen DBT<\/h4><\/div><\/div>\n\n\n\n<div id=\"section-gb50153\" class=\"wp-block-gutentor-e7 section-gb50153 gutentor-element gutentor-element-list\"><ul class=\"grid-row gutentor-grid-item-wrap list-indicator-icon\"><li class=\"gutentor-list-item grid-lg-12 grid-md-12 grid-12\"><span class=\"gutentor-single-item gutentor-single-item-0\"><span class=\"gutentor-list-item-wrap g-s-list-wrap\"><span class=\"gutentor-single-list-item-icon\"><i class=\"list-item-icon fas fa-arrow-right\"><\/i><\/span><span class=\"gutentor-list-item\"><p class=\"gutentor-single-item-title\">Tragwerksplanung (Lph. 1-6 + 8)<\/p><\/span><\/span><\/span><\/li><li class=\"gutentor-list-item grid-lg-12 grid-md-12 grid-12\"><span class=\"gutentor-single-item gutentor-single-item-1\"><span class=\"gutentor-list-item-wrap g-s-list-wrap\"><span class=\"gutentor-single-list-item-icon\"><i class=\"list-item-icon fas fa-arrow-right\"><\/i><\/span><span class=\"gutentor-list-item\"><p class=\"gutentor-single-item-title\">Nachweis des konstruktiven Brandschutzes<\/p><\/span><\/span><\/span><\/li><li class=\"gutentor-list-item grid-lg-12 grid-md-12 grid-12\"><span class=\"gutentor-single-item gutentor-single-item-2\"><span class=\"gutentor-list-item-wrap g-s-list-wrap\"><span class=\"gutentor-single-list-item-icon\"><i class=\"list-item-icon fas fa-arrow-right\"><\/i><\/span><span class=\"gutentor-list-item\"><p class=\"gutentor-single-item-title\">Nachweis des vorbeugenden Brandschutzes<\/p><\/span><\/span><\/span><\/li><li class=\"gutentor-list-item grid-lg-12 grid-md-12 grid-12\"><span class=\"gutentor-single-item gutentor-single-item-3\"><span class=\"gutentor-list-item-wrap g-s-list-wrap\"><span class=\"gutentor-single-list-item-icon\"><i class=\"list-item-icon fas fa-arrow-right\"><\/i><\/span><span class=\"gutentor-list-item\"><p class=\"gutentor-single-item-title\">Nachweis des W\u00e4rmeschutzes<\/p><\/span><\/span><\/span><\/li><li class=\"gutentor-list-item grid-lg-12 grid-md-12 grid-12\"><span class=\"gutentor-single-item gutentor-single-item-4\"><span class=\"gutentor-list-item-wrap g-s-list-wrap\"><span class=\"gutentor-single-list-item-icon\"><i class=\"list-item-icon fas fa-arrow-right\"><\/i><\/span><span class=\"gutentor-list-item\"><p class=\"gutentor-single-item-title\">Nachweis des Schallschutzes<\/p><\/span><\/span><\/span><\/li><\/ul><\/div>\n\n\n\n<div id=\"section-g55bd26\" class=\"wp-block-gutentor-e1 section-g55bd26 gutentor-element gutentor-element-advanced-text\"><div class=\"gutentor-text-wrap\"><h4 class=\"gutentor-text\">Architekten<\/h4><\/div><\/div>\n\n\n\n<div id=\"section-g2f7f19\" class=\"wp-block-gutentor-e7 section-g2f7f19 gutentor-element gutentor-element-list\"><ul class=\"grid-row gutentor-grid-item-wrap list-indicator-icon\"><li class=\"gutentor-list-item grid-lg-12 grid-md-12 grid-12\"><span class=\"gutentor-single-item gutentor-single-item-0\"><span class=\"gutentor-list-item-wrap g-s-list-wrap\"><span class=\"gutentor-single-list-item-icon\"><i class=\"list-item-icon fas fa-arrow-right\"><\/i><\/span><span class=\"gutentor-list-item\"><p class=\"gutentor-single-item-title\">AKH, Wiesbaden<\/p><\/span><\/span><\/span><\/li><\/ul><\/div>\n\n\n\n<div id=\"section-g163773\" class=\"wp-block-gutentor-e1 section-g163773 gutentor-element gutentor-element-advanced-text\"><div class=\"gutentor-text-wrap\"><h4 class=\"gutentor-text\">Bauherr<\/h4><\/div><\/div>\n\n\n\n<div id=\"section-g553798\" class=\"wp-block-gutentor-e7 section-g553798 gutentor-element gutentor-element-list\"><ul class=\"grid-row gutentor-grid-item-wrap list-indicator-icon\"><li class=\"gutentor-list-item grid-lg-12 grid-md-12 grid-12\"><span class=\"gutentor-single-item gutentor-single-item-0\"><span class=\"gutentor-list-item-wrap g-s-list-wrap\"><span class=\"gutentor-single-list-item-icon\"><i class=\"list-item-icon fas fa-arrow-right\"><\/i><\/span><span class=\"gutentor-list-item\"><p class=\"gutentor-single-item-title\">Magistrat der Stadt M\u00fchlheim am Main<\/p><\/span><\/span><\/span><\/li><\/ul><\/div>\n\n\n\n<div id=\"section-g6e2660\" class=\"wp-block-gutentor-e1 section-g6e2660 gutentor-element gutentor-element-advanced-text\"><div class=\"gutentor-text-wrap\"><h4 class=\"gutentor-text\">Konstruktion<\/h4><\/div><\/div>\n\n\n\n<div id=\"section-g2589fd\" class=\"wp-block-gutentor-e7 section-g2589fd gutentor-element gutentor-element-list\"><ul class=\"grid-row gutentor-grid-item-wrap list-indicator-icon\"><li class=\"gutentor-list-item grid-lg-12 grid-md-12 grid-12\"><span class=\"gutentor-single-item gutentor-single-item-0\"><span class=\"gutentor-list-item-wrap g-s-list-wrap\"><span class=\"gutentor-single-list-item-icon\"><i class=\"list-item-icon fas fa-arrow-right\"><\/i><\/span><span class=\"gutentor-list-item\"><p class=\"gutentor-single-item-title\">Das eingeschossige Geb\u00e4ude besteht aus einachsig gespannten Stahlbetondecken, die auf Stahlbetonunterz\u00fcgen, Stahlbetonst\u00fctzen und W\u00e4nden aus Mauerwerk aufliegen.<\/p><\/span><\/span><\/span><\/li><\/ul><\/div>\n<\/div><\/div>\n<\/div><\/div><\/section>\n","protected":false},"excerpt":{"rendered":"","protected":false},"author":1,"featured_media":0,"parent":0,"menu_order":0,"comment_status":"closed","ping_status":"closed","template":"template-gutentor-full-width.php","meta":{"footnotes":""},"class_list":["post-787","page","type-page","status-publish","hentry"],"_links":{"self":[{"href":"https:\/\/www.ingdbt.de\/content\/wp-json\/wp\/v2\/pages\/787","targetHints":{"allow":["GET"]}}],"collection":[{"href":"https:\/\/www.ingdbt.de\/content\/wp-json\/wp\/v2\/pages"}],"about":[{"href":"https:\/\/www.ingdbt.de\/content\/wp-json\/wp\/v2\/types\/page"}],"author":[{"embeddable":true,"href":"https:\/\/www.ingdbt.de\/content\/wp-json\/wp\/v2\/users\/1"}],"replies":[{"embeddable":true,"href":"https:\/\/www.ingdbt.de\/content\/wp-json\/wp\/v2\/comments?post=787"}],"version-history":[{"count":2,"href":"https:\/\/www.ingdbt.de\/content\/wp-json\/wp\/v2\/pages\/787\/revisions"}],"predecessor-version":[{"id":1326,"href":"https:\/\/www.ingdbt.de\/content\/wp-json\/wp\/v2\/pages\/787\/revisions\/1326"}],"wp:attachment":[{"href":"https:\/\/www.ingdbt.de\/content\/wp-json\/wp\/v2\/media?parent=787"}],"curies":[{"name":"wp","href":"https:\/\/api.w.org\/{rel}","templated":true}]}}