{"id":772,"date":"2021-07-20T15:08:13","date_gmt":"2021-07-20T13:08:13","guid":{"rendered":"https:\/\/www.ingdbt.de\/content\/?page_id=772"},"modified":"2025-10-31T14:48:14","modified_gmt":"2025-10-31T13:48:14","slug":"neubau-baeckerei-mit-cafe","status":"publish","type":"page","link":"https:\/\/www.ingdbt.de\/content\/neubau-baeckerei-mit-cafe\/","title":{"rendered":"Neubau B\u00e4ckerei mit Caf\u00e9"},"content":{"rendered":"\n<section id=\"section-e20d48c7-7e5a-448b-9139-d78b370afa19\" class=\"wp-block-gutentor-image-slider gutentor-section gutentor-image-slider imageSlider-template1 text-left\"><div class=\"gutentor-grid-item-wrap\"><div class=\"gutentor-slider-wrapper\" data-dots=\"false\" data-arrows=\"false\" data-infinite=\"true\" data-nextarrow=\"fas fa-angle-right\" data-prevarrow=\"fas fa-angle-left\" data-autoplay=\"true\" data-autoplayspeed=\"5000\" data-fade=\"true\" data-speed=\"1500\"><div class=\"gutentor-slider-item\"><div class=\"gutentor-single-item gutentor-single-item-0\"><div class=\"gutentor-single-item-wrap\"><div class=\"gutentor-single-item-image-box\"><div class=\"gutentor-bg-image\"><div class=\"overlay\"><\/div><\/div><\/div><div class=\"gutentor-single-item-content\"><div class=\"grid-container\"><div class=\"slider-caption text-left\"><h2 class=\"gutentor-single-item-title\">Beratende Ingenieure f\u00fcr Bauwesen<\/h2><\/div><\/div><\/div><\/div><\/div><\/div><\/div><\/div><\/section>\n\n\n\n<section id=\"gm9b35eed\" class=\"wp-block-gutentor-m4 section-gm9b35eed gutentor-module gutentor-advanced-columns\"><div class=\"grid-container\"><div class=\"grid-row\">\n<div id=\"col-gmb16bba\" class=\"wp-block-gutentor-m4-col col-gmb16bba gutentor-single-column  grid-lg-12 grid-md-12 grid-12\"><div id=\"section-gmb16bba\" class=\"section-gmb16bba gutentor-col-wrap\">\n<div id=\"section-g2a5240\" class=\"wp-block-gutentor-e1 section-g2a5240 gutentor-element gutentor-element-advanced-text\"><div class=\"gutentor-text-wrap\"><h2 class=\"gutentor-text\">Neubau B\u00e4ckerei mit Caf\u00e9<\/h2><\/div><\/div>\n\n\n\n<div id=\"section-g24535a\" class=\"wp-block-gutentor-e1 section-g24535a gutentor-element gutentor-element-advanced-text\"><div class=\"gutentor-text-wrap\"><p class=\"gutentor-text\">M\u00fchlheim-K\u00e4rlich, Industriestra\u00dfe 51b<\/p><\/div><\/div>\n\n\n\n<div id=\"section-gd6fa41\" class=\"wp-block-gutentor-e1 section-gd6fa41 gutentor-element gutentor-element-advanced-text\"><div class=\"gutentor-text-wrap\"><p class=\"gutentor-text\"><a href=\"https:\/\/www.ingdbt.de\/content\/industriebau\/\"><span style=\"color:#1442a7\" class=\"has-inline-color\">&gt; \u00dcbersicht Industriebau<\/span><\/a><\/p><\/div><\/div>\n<\/div><\/div>\n<\/div><\/div><\/section>\n\n\n\n<section id=\"gmb358210\" class=\"wp-block-gutentor-m4 section-gmb358210 gutentor-module gutentor-advanced-columns\"><div class=\"grid-container\"><div class=\"grid-row\">\n<div id=\"col-gm30274d\" class=\"wp-block-gutentor-m4-col col-gm30274d gutentor-single-column  grid-lg-6 grid-md-12 grid-12\"><div id=\"section-gm30274d\" class=\"section-gm30274d gutentor-col-wrap\">\n<div id=\"section-g8672e3\" class=\"wp-block-gutentor-e6 section-g8672e3 gutentor-element gutentor-element-image\"><div class=\"gutentor-element-image-box\"><div class=\"gutentor-image-thumb\"><img decoding=\"async\" class=\"normal-image\" src=\"https:\/\/www.ingdbt.de\/content\/wp-content\/uploads\/2021\/07\/baeckerei-neubau-2.jpg\"\/><\/div><\/div><\/div>\n<\/div><\/div>\n\n\n\n<div id=\"col-gme0fc6a\" class=\"wp-block-gutentor-m4-col col-gme0fc6a gutentor-single-column  grid-lg-6 grid-md-12 grid-12\"><div id=\"section-gme0fc6a\" class=\"section-gme0fc6a gutentor-col-wrap\">\n<div id=\"section-g399b21\" class=\"wp-block-gutentor-e6 section-g399b21 gutentor-element gutentor-element-image\"><div class=\"gutentor-element-image-box\"><div class=\"gutentor-image-thumb\"><img decoding=\"async\" class=\"normal-image\" src=\"https:\/\/www.ingdbt.de\/content\/wp-content\/uploads\/2021\/07\/baeckerei-neubau-1.jpg\"\/><\/div><\/div><\/div>\n<\/div><\/div>\n<\/div><\/div><\/section>\n\n\n\n<section id=\"gm6187d5b\" class=\"wp-block-gutentor-m4 section-gm6187d5b gutentor-module gutentor-advanced-columns\"><div class=\"grid-container\"><div class=\"grid-row\">\n<div id=\"col-gm9f656c\" class=\"wp-block-gutentor-m4-col col-gm9f656c gutentor-single-column  grid-lg-12 grid-md-12 grid-12\"><div id=\"section-gm9f656c\" class=\"section-gm9f656c gutentor-col-wrap\">\n<div id=\"section-g2be76a\" class=\"wp-block-gutentor-e1 section-g2be76a gutentor-element gutentor-element-advanced-text\"><div class=\"gutentor-text-wrap\"><h4 class=\"gutentor-text\">Leistungen DBT<\/h4><\/div><\/div>\n\n\n\n<div id=\"section-g046886\" class=\"wp-block-gutentor-e7 section-g046886 gutentor-element gutentor-element-list\"><ul class=\"grid-row gutentor-grid-item-wrap list-indicator-icon\"><li class=\"gutentor-list-item grid-lg-12 grid-md-12 grid-12\"><span class=\"gutentor-single-item gutentor-single-item-0\"><span class=\"gutentor-list-item-wrap g-s-list-wrap\"><span class=\"gutentor-single-list-item-icon\"><i class=\"list-item-icon fas fa-arrow-right\"><\/i><\/span><span class=\"gutentor-list-item\"><p class=\"gutentor-single-item-title\">Tragwerksplanung (Lph. 1-6 + 8)<\/p><\/span><\/span><\/span><\/li><li class=\"gutentor-list-item grid-lg-12 grid-md-12 grid-12\"><span class=\"gutentor-single-item gutentor-single-item-1\"><span class=\"gutentor-list-item-wrap g-s-list-wrap\"><span class=\"gutentor-single-list-item-icon\"><i class=\"list-item-icon fas fa-arrow-right\"><\/i><\/span><span class=\"gutentor-list-item\"><p class=\"gutentor-single-item-title\">Nachweis des vorbeugenden Brandschutzes<\/p><\/span><\/span><\/span><\/li><li class=\"gutentor-list-item grid-lg-12 grid-md-12 grid-12\"><span class=\"gutentor-single-item gutentor-single-item-2\"><span class=\"gutentor-list-item-wrap g-s-list-wrap\"><span class=\"gutentor-single-list-item-icon\"><i class=\"list-item-icon fas fa-arrow-right\"><\/i><\/span><span class=\"gutentor-list-item\"><p class=\"gutentor-single-item-title\">Nachweis des konstruktiven Brandschutzes<\/p><\/span><\/span><\/span><\/li><li class=\"gutentor-list-item grid-lg-12 grid-md-12 grid-12\"><span class=\"gutentor-single-item gutentor-single-item-3\"><span class=\"gutentor-list-item-wrap g-s-list-wrap\"><span class=\"gutentor-single-list-item-icon\"><i class=\"list-item-icon fas fa-arrow-right\"><\/i><\/span><span class=\"gutentor-list-item\"><p class=\"gutentor-single-item-title\">Nachweis des W\u00e4rmeschutzes<\/p><\/span><\/span><\/span><\/li><\/ul><\/div>\n\n\n\n<div id=\"section-g240c55\" class=\"wp-block-gutentor-e1 section-g240c55 gutentor-element gutentor-element-advanced-text\"><div class=\"gutentor-text-wrap\"><h4 class=\"gutentor-text\">Architekten<\/h4><\/div><\/div>\n\n\n\n<div id=\"section-g431753\" class=\"wp-block-gutentor-e7 section-g431753 gutentor-element gutentor-element-list\"><ul class=\"grid-row gutentor-grid-item-wrap list-indicator-icon\"><li class=\"gutentor-list-item grid-lg-12 grid-md-12 grid-12\"><span class=\"gutentor-single-item gutentor-single-item-0\"><span class=\"gutentor-list-item-wrap g-s-list-wrap\"><span class=\"gutentor-single-list-item-icon\"><i class=\"list-item-icon fas fa-arrow-right\"><\/i><\/span><span class=\"gutentor-list-item\"><p class=\"gutentor-single-item-title\">Bieker AG, Frankfurt<\/p><\/span><\/span><\/span><\/li><\/ul><\/div>\n\n\n\n<div id=\"section-gbc2116\" class=\"wp-block-gutentor-e1 section-gbc2116 gutentor-element gutentor-element-advanced-text\"><div class=\"gutentor-text-wrap\"><h4 class=\"gutentor-text\">Bauherr<\/h4><\/div><\/div>\n\n\n\n<div id=\"section-g97038c\" class=\"wp-block-gutentor-e7 section-g97038c gutentor-element gutentor-element-list\"><ul class=\"grid-row gutentor-grid-item-wrap list-indicator-icon\"><li class=\"gutentor-list-item grid-lg-12 grid-md-12 grid-12\"><span class=\"gutentor-single-item gutentor-single-item-0\"><span class=\"gutentor-list-item-wrap g-s-list-wrap\"><span class=\"gutentor-single-list-item-icon\"><i class=\"list-item-icon fas fa-arrow-right\"><\/i><\/span><span class=\"gutentor-list-item\"><p class=\"gutentor-single-item-title\">B\u00e4ckerei Hoefer, M\u00fchlheim-K\u00e4rlich<\/p><\/span><\/span><\/span><\/li><\/ul><\/div>\n\n\n\n<div id=\"section-ge46899\" class=\"wp-block-gutentor-e1 section-ge46899 gutentor-element gutentor-element-advanced-text\"><div class=\"gutentor-text-wrap\"><h4 class=\"gutentor-text\">Konstruktion<\/h4><\/div><\/div>\n\n\n\n<div id=\"section-gb18426\" class=\"wp-block-gutentor-e7 section-gb18426 gutentor-element gutentor-element-list\"><ul class=\"grid-row gutentor-grid-item-wrap list-indicator-icon\"><li class=\"gutentor-list-item grid-lg-12 grid-md-12 grid-12\"><span class=\"gutentor-single-item gutentor-single-item-0\"><span class=\"gutentor-list-item-wrap g-s-list-wrap\"><span class=\"gutentor-single-list-item-icon\"><i class=\"list-item-icon fas fa-arrow-right\"><\/i><\/span><span class=\"gutentor-list-item\"><p class=\"gutentor-single-item-title\">Stahlbetonskelettbauweise<\/p><\/span><\/span><\/span><\/li><\/ul><\/div>\n<\/div><\/div>\n<\/div><\/div><\/section>\n","protected":false},"excerpt":{"rendered":"","protected":false},"author":1,"featured_media":0,"parent":0,"menu_order":0,"comment_status":"closed","ping_status":"closed","template":"template-gutentor-full-width.php","meta":{"footnotes":""},"class_list":["post-772","page","type-page","status-publish","hentry"],"_links":{"self":[{"href":"https:\/\/www.ingdbt.de\/content\/wp-json\/wp\/v2\/pages\/772","targetHints":{"allow":["GET"]}}],"collection":[{"href":"https:\/\/www.ingdbt.de\/content\/wp-json\/wp\/v2\/pages"}],"about":[{"href":"https:\/\/www.ingdbt.de\/content\/wp-json\/wp\/v2\/types\/page"}],"author":[{"embeddable":true,"href":"https:\/\/www.ingdbt.de\/content\/wp-json\/wp\/v2\/users\/1"}],"replies":[{"embeddable":true,"href":"https:\/\/www.ingdbt.de\/content\/wp-json\/wp\/v2\/comments?post=772"}],"version-history":[{"count":2,"href":"https:\/\/www.ingdbt.de\/content\/wp-json\/wp\/v2\/pages\/772\/revisions"}],"predecessor-version":[{"id":1334,"href":"https:\/\/www.ingdbt.de\/content\/wp-json\/wp\/v2\/pages\/772\/revisions\/1334"}],"wp:attachment":[{"href":"https:\/\/www.ingdbt.de\/content\/wp-json\/wp\/v2\/media?parent=772"}],"curies":[{"name":"wp","href":"https:\/\/api.w.org\/{rel}","templated":true}]}}