{"id":56,"date":"2019-05-08T09:37:25","date_gmt":"2019-05-08T09:37:25","guid":{"rendered":"https:\/\/www.demo.cosmoswp.com\/demo-3\/?page_id=36"},"modified":"2025-10-31T15:21:11","modified_gmt":"2025-10-31T14:21:11","slug":"home","status":"publish","type":"page","link":"https:\/\/www.ingdbt.de\/content\/","title":{"rendered":"Home"},"content":{"rendered":"\n<section id=\"section-e20d48c7-7e5a-448b-9139-d78b370afa19\" class=\"wp-block-gutentor-image-slider gutentor-section gutentor-image-slider imageSlider-template1 text-left\"><div class=\"gutentor-grid-item-wrap\"><div class=\"gutentor-slider-wrapper\" data-dots=\"false\" data-arrows=\"false\" data-infinite=\"true\" data-nextarrow=\"fas fa-angle-right\" data-prevarrow=\"fas fa-angle-left\" data-autoplay=\"true\" data-autoplayspeed=\"5000\" data-fade=\"true\" data-speed=\"1500\"><div class=\"gutentor-slider-item\"><div class=\"gutentor-single-item gutentor-single-item-0\"><div class=\"gutentor-single-item-wrap\"><div class=\"gutentor-single-item-image-box\"><div class=\"gutentor-bg-image\"><div class=\"overlay\"><\/div><\/div><\/div><div class=\"gutentor-single-item-content\"><div class=\"grid-container\"><div class=\"slider-caption text-left\"><h2 class=\"gutentor-single-item-title\">Beratende Ingenieure f\u00fcr Bauwesen<\/h2><\/div><\/div><\/div><\/div><\/div><\/div><div class=\"gutentor-slider-item\"><div class=\"gutentor-single-item gutentor-single-item-1\"><div class=\"gutentor-single-item-wrap\"><div class=\"gutentor-single-item-image-box\"><div class=\"gutentor-bg-image\"><div class=\"overlay\"><\/div><\/div><\/div><div class=\"gutentor-single-item-content\"><div class=\"grid-container\"><div class=\"slider-caption text-left\"><h2 class=\"gutentor-single-item-title\">Beratende Ingenieure f\u00fcr Bauwesen<\/h2><\/div><\/div><\/div><\/div><\/div><\/div><div class=\"gutentor-slider-item\"><div class=\"gutentor-single-item gutentor-single-item-2\"><div class=\"gutentor-single-item-wrap\"><div class=\"gutentor-single-item-image-box\"><div class=\"gutentor-bg-image\"><div class=\"overlay\"><\/div><\/div><\/div><div class=\"gutentor-single-item-content\"><div class=\"grid-container\"><div class=\"slider-caption text-left\"><h2 class=\"gutentor-single-item-title\">Beratende Ingenieure f\u00fcr Bauwesen<\/h2><\/div><\/div><\/div><\/div><\/div><\/div><\/div><\/div><\/section>\n\n\n\n<section id=\"section-62c17e00-4db8-4d4f-a6b0-e5933395df40\" class=\"wp-block-gutentor-content-box gutentor-section gutentor-content-box-wrapper content-template1 has-color-bg has-custom-bg\"><div class=\"grid-container\"><div class=\"gutentor-block-header\"><div class=\"gutentor-section-title text-center wow animated slideInDown\" data-wow-animation=\"slideInDown\" data-wow-iteration=\"1\"><h2 class=\"gutentor-title\">Unser Leistungsspektrum<\/h2><\/div><\/div><div class=\"grid-row gutentor-grid-item-wrap wow animated slideInUp\" data-wow-animation=\"slideInUp\" data-wow-iteration=\"1\"><div class=\"gutentor-grid-column grid-lg-3 grid-md-4 grid-12\"><div class=\"gutentor-single-item gutentor-single-item-0\"><div class=\"gutentor-single-item-wrap\"><div class=\"gutentor-single-item-content\"><h4 class=\"gutentor-single-item-title\">TRAGWERKSPLANUNG<\/h4><p class=\"gutentor-single-item-desc\">Neubauten, Aufstockungen, Umbauten &#8211; Genehmigungsplanung, Ausf\u00fchrungsplanung, Objekt\u00fcberwachung<\/p><\/div><\/div><\/div><\/div><div class=\"gutentor-grid-column grid-lg-3 grid-md-4 grid-12\"><div class=\"gutentor-single-item gutentor-single-item-1\"><div class=\"gutentor-single-item-wrap\"><div class=\"gutentor-single-item-content\"><h4 class=\"gutentor-single-item-title\">NACHWEISBERECHTIGTE<\/h4><p class=\"gutentor-single-item-desc\">F\u00fcr Geb\u00e4ude bis Klasse 3 kann die Pr\u00fcfung durch einen Pr\u00fcfingenieur entfallen (Hessen), wenn der Aufsteller Nachweisberechtigter ist<\/p><\/div><\/div><\/div><\/div><div class=\"gutentor-grid-column grid-lg-3 grid-md-4 grid-12\"><div class=\"gutentor-single-item gutentor-single-item-2\"><div class=\"gutentor-single-item-wrap\"><div class=\"gutentor-single-item-content\"><h4 class=\"gutentor-single-item-title\">BRANDSCHUTZ<\/h4><p class=\"gutentor-single-item-desc\">Brandschutzkonzepte, vorbeugender Brandschutz, Hei\u00dfbemessung, Flucht- und Rettungswegpl\u00e4ne, Konformit\u00e4tserkl\u00e4rung <\/p><\/div><\/div><\/div><\/div><div class=\"gutentor-grid-column grid-lg-3 grid-md-4 grid-12\"><div class=\"gutentor-single-item gutentor-single-item-3\"><div class=\"gutentor-single-item-wrap\"><div class=\"gutentor-single-item-content\"><h4 class=\"gutentor-single-item-title\">W\u00c4RMESCHUTZ<\/h4><p class=\"gutentor-single-item-desc\">W\u00e4rmeschutznachweise,<br>Energieausweise, Energiebilanzierung, Energieeffizienz-Experte KfW, Energieberater  Baudenkmal<\/p><\/div><\/div><\/div><\/div><div class=\"gutentor-grid-column grid-lg-3 grid-md-4 grid-12\"><div class=\"gutentor-single-item gutentor-single-item-4\"><div class=\"gutentor-single-item-wrap\"><div class=\"gutentor-single-item-content\"><h4 class=\"gutentor-single-item-title\">SCHALLSCHUTZ<\/h4><p class=\"gutentor-single-item-desc\">Bau- und Raumakustik,<br>Schallschutznachweise, Nachweisberechtigte <\/p><\/div><\/div><\/div><\/div><div class=\"gutentor-grid-column grid-lg-3 grid-md-4 grid-12\"><div class=\"gutentor-single-item gutentor-single-item-5\"><div class=\"gutentor-single-item-wrap\"><div class=\"gutentor-single-item-content\"><h4 class=\"gutentor-single-item-title\">PR\u00dcFUNG<\/h4><p class=\"gutentor-single-item-desc\">Statische Berechnungen,<br>Konstruktionszeichnungen, \u00dcberwachung<\/p><\/div><\/div><\/div><\/div><div class=\"gutentor-grid-column grid-lg-3 grid-md-4 grid-12\"><div class=\"gutentor-single-item gutentor-single-item-6\"><div class=\"gutentor-single-item-wrap\"><div class=\"gutentor-single-item-content\"><h4 class=\"gutentor-single-item-title\">SIGEKO<\/h4><p class=\"gutentor-single-item-desc\">Stellung des Sicherheits- und Gesundheitsschutzkoordinator<br>Erstellung SiGePlan nach RAB 31 <\/p><\/div><\/div><\/div><\/div><div class=\"gutentor-grid-column grid-lg-3 grid-md-4 grid-12\"><div class=\"gutentor-single-item gutentor-single-item-7\"><div class=\"gutentor-single-item-wrap\"><div class=\"gutentor-single-item-content\"><h4 class=\"gutentor-single-item-title\">GUTACHTEN<\/h4><p class=\"gutentor-single-item-desc\">Pr\u00fcfung von Geb\u00e4udesch\u00e4den, Standsicherheit,<br>Sanierungskonzepte<\/p><\/div><\/div><\/div><\/div><\/div><\/div><\/section>\n\n\n\n<section id=\"section-745d8092-5459-46b6-a46f-fe5b5d15baf1\" class=\"wp-block-gutentor-advanced-columns gutentor-section gutentor-advanced-columns has-image-bg has-custom-bg has-gutentor-overlay gutentor-no-gap-desktop gutentor-no-gap-tablet gutentor-no-gap-mobile text-left\"><div class=\"grid-container\"><div class=\"grid-row\">\n<div id=\"section-c053eb88-f64f-4152-9abe-cfa3aae87b60\" class=\"wp-block-gutentor-single-column gutentor-single-column  grid-lg-6 grid-md-12 grid-12\">\n<div id=\"section-89043f03-80b3-4c17-99f4-b3aa7005e8fa\" class=\"wp-block-gutentor-content-box gutentor-section gutentor-content-box-wrapper content-template1 gutentor-no-gap-desktop gutentor-no-gap-tablet gutentor-no-gap-mobile text-left\"><div class=\"grid-container\"><div class=\"grid-row gutentor-grid-item-wrap\"><div class=\"gutentor-grid-column grid-lg-12 grid-md-12 grid-12\"><div class=\"gutentor-single-item gutentor-single-item-0\"><div class=\"gutentor-single-item-wrap\"><div class=\"gutentor-single-item-content\"><h3 class=\"gutentor-single-item-title\"><strong>DBT\u2013 Expertise auf h\u00f6chstem Niveau<\/strong><\/h3><p class=\"gutentor-single-item-desc\"> Wir decken alle Leistungsphasen der HOAI im Hinblick auf Tragwerksplanung und Bauphysik ab und sind Nachweisberechtigte nach NBVO f\u00fcr alle Fachgebiete.<br>\u00a0<br>Mit unserem Team von erfahrenen Mitarbeitern bieten wir ein breites Leistungsspektrum \u00fcber alle Sparten des Bauens und verf\u00fcgen \u00fcber Spezialisten in den Bereichen\u00a0Massivbau, Stahlbau, Bauphysik, Brandschutz, Messebau und\u00a0Baugrubensicherungen.<\/p><a class=\"gutentor-button gutentor-single-item-button gutentor-icon-hide\" href=\"https:\/\/www.ingdbt.de\/content\/unternehmen\/\"><i class=\"gutentor-button-icon fas fa-book\"><\/i><span>PROFIL<\/span><\/a><\/div><\/div><\/div><\/div><\/div><\/div><\/div>\n<\/div>\n\n\n\n<div id=\"section-20978acd-6c07-4ec5-8b4a-efa8b003618d\" class=\"wp-block-gutentor-single-column gutentor-single-column  grid-lg-6 grid-md-12 grid-12\"><\/div>\n<\/div><\/div><\/section>\n\n\n\n<section id=\"gmaaa64c0\" class=\"wp-block-gutentor-m4 section-gmaaa64c0 gutentor-module gutentor-advanced-columns\"><div class=\"grid-container\"><div class=\"grid-row\">\n<div id=\"col-gm6eb0f9\" class=\"wp-block-gutentor-m4-col col-gm6eb0f9 gutentor-single-column  grid-lg-3 grid-md-12 grid-12\"><div id=\"section-gm6eb0f9\" class=\"section-gm6eb0f9 gutentor-col-wrap\">\n<div id=\"section-g657519\" class=\"wp-block-gutentor-e6 section-g657519 gutentor-element gutentor-element-image\"><div class=\"gutentor-element-image-box\"><div class=\"gutentor-image-thumb\"><img decoding=\"async\" class=\"normal-image\" src=\"https:\/\/www.ingdbt.de\/content\/wp-content\/uploads\/2021\/07\/ausbildung.jpg\"\/><\/div><\/div><\/div>\n<\/div><\/div>\n\n\n\n<div id=\"col-gmccba8d\" class=\"wp-block-gutentor-m4-col col-gmccba8d gutentor-single-column  grid-lg-3 grid-md-12 grid-12\"><div id=\"section-gmccba8d\" class=\"section-gmccba8d gutentor-col-wrap\">\n<div id=\"section-g310ce7\" class=\"wp-block-gutentor-e6 section-g310ce7 gutentor-element gutentor-element-image\"><div class=\"gutentor-element-image-box\"><div class=\"gutentor-image-thumb\"><img decoding=\"async\" class=\"normal-image\" src=\"https:\/\/www.ingdbt.de\/content\/wp-content\/uploads\/2021\/07\/training2-300x186.jpg\"\/><\/div><\/div><\/div>\n<\/div><\/div>\n\n\n\n<div id=\"col-gma272b2\" class=\"wp-block-gutentor-m4-col col-gma272b2 gutentor-single-column  grid-lg-3 grid-md-12 grid-12\"><div id=\"section-gma272b2\" class=\"section-gma272b2 gutentor-col-wrap\">\n<div id=\"section-g200a33\" class=\"wp-block-gutentor-e1 section-g200a33 gutentor-element gutentor-element-advanced-text\"><div class=\"gutentor-text-wrap\"><h4 class=\"gutentor-text\">KARRIERE \/ JOBS<\/h4><\/div><\/div>\n\n\n\n<div id=\"section-g7f384d\" class=\"wp-block-gutentor-e1 section-g7f384d gutentor-element gutentor-element-advanced-text\"><div class=\"gutentor-text-wrap\"><p class=\"gutentor-text\">Werden Sie Teil unseres Teams!<\/p><\/div><\/div>\n\n\n\n<div id=\"section-gc6dbe9\" class=\"wp-block-gutentor-e7 section-gc6dbe9 gutentor-element gutentor-element-list\"><ul class=\"grid-row gutentor-grid-item-wrap list-indicator-icon\"><li class=\"gutentor-list-item grid-lg-12 grid-md-12 grid-12\"><span class=\"gutentor-single-item gutentor-single-item-0\"><span class=\"gutentor-list-item-wrap g-s-list-wrap\"><span class=\"gutentor-single-list-item-icon\"><i class=\"list-item-icon fas fa-arrow-right\"><\/i><\/span><span class=\"gutentor-list-item\"><p class=\"gutentor-single-item-title\"><a href=\"https:\/\/www.ingdbt.de\/content\/karriere\/\">Stellen- &amp; Ausbildungsangebote<\/a><\/p><\/span><\/span><\/span><\/li><\/ul><\/div>\n<\/div><\/div>\n\n\n\n<div id=\"col-gm73b5bf\" class=\"wp-block-gutentor-m4-col col-gm73b5bf gutentor-single-column  grid-lg-3 grid-md-12 grid-12\"><div id=\"section-gm73b5bf\" class=\"section-gm73b5bf gutentor-col-wrap\">\n<div id=\"section-g82862c\" class=\"wp-block-gutentor-e6 section-g82862c gutentor-element gutentor-element-image\"><div class=\"gutentor-element-image-box\"><div class=\"gutentor-image-thumb\"><img decoding=\"async\" class=\"normal-image\" src=\"https:\/\/www.ingdbt.de\/content\/wp-content\/uploads\/2021\/07\/hpqr-stempel-300.jpg\"\/><\/div><\/div><\/div>\n<\/div><\/div>\n<\/div><\/div><\/section>\n","protected":false},"excerpt":{"rendered":"","protected":false},"author":1,"featured_media":0,"parent":0,"menu_order":0,"comment_status":"closed","ping_status":"closed","template":"template-gutentor-full-width.php","meta":{"footnotes":""},"class_list":["post-56","page","type-page","status-publish","hentry"],"_links":{"self":[{"href":"https:\/\/www.ingdbt.de\/content\/wp-json\/wp\/v2\/pages\/56","targetHints":{"allow":["GET"]}}],"collection":[{"href":"https:\/\/www.ingdbt.de\/content\/wp-json\/wp\/v2\/pages"}],"about":[{"href":"https:\/\/www.ingdbt.de\/content\/wp-json\/wp\/v2\/types\/page"}],"author":[{"embeddable":true,"href":"https:\/\/www.ingdbt.de\/content\/wp-json\/wp\/v2\/users\/1"}],"replies":[{"embeddable":true,"href":"https:\/\/www.ingdbt.de\/content\/wp-json\/wp\/v2\/comments?post=56"}],"version-history":[{"count":110,"href":"https:\/\/www.ingdbt.de\/content\/wp-json\/wp\/v2\/pages\/56\/revisions"}],"predecessor-version":[{"id":1361,"href":"https:\/\/www.ingdbt.de\/content\/wp-json\/wp\/v2\/pages\/56\/revisions\/1361"}],"wp:attachment":[{"href":"https:\/\/www.ingdbt.de\/content\/wp-json\/wp\/v2\/media?parent=56"}],"curies":[{"name":"wp","href":"https:\/\/api.w.org\/{rel}","templated":true}]}}