{"id":466,"date":"2021-07-06T11:21:14","date_gmt":"2021-07-06T09:21:14","guid":{"rendered":"https:\/\/www.ingdbt.de\/content\/?page_id=466"},"modified":"2025-10-31T14:42:46","modified_gmt":"2025-10-31T13:42:46","slug":"johanneskirchplatz","status":"publish","type":"page","link":"https:\/\/www.ingdbt.de\/content\/johanneskirchplatz\/","title":{"rendered":"Johanneskirchplatz"},"content":{"rendered":"\n<section id=\"section-e20d48c7-7e5a-448b-9139-d78b370afa19\" class=\"wp-block-gutentor-image-slider gutentor-section gutentor-image-slider imageSlider-template1 text-left\"><div class=\"gutentor-grid-item-wrap\"><div class=\"gutentor-slider-wrapper\" data-dots=\"false\" data-arrows=\"false\" data-infinite=\"true\" data-nextarrow=\"fas fa-angle-right\" data-prevarrow=\"fas fa-angle-left\" data-autoplay=\"true\" data-autoplayspeed=\"5000\" data-fade=\"true\" data-speed=\"1500\"><div class=\"gutentor-slider-item\"><div class=\"gutentor-single-item gutentor-single-item-0\"><div class=\"gutentor-single-item-wrap\"><div class=\"gutentor-single-item-image-box\"><div class=\"gutentor-bg-image\"><div class=\"overlay\"><\/div><\/div><\/div><div class=\"gutentor-single-item-content\"><div class=\"grid-container\"><div class=\"slider-caption text-left\"><h2 class=\"gutentor-single-item-title\">Beratende Ingenieure f\u00fcr Bauwesen<\/h2><\/div><\/div><\/div><\/div><\/div><\/div><\/div><\/div><\/section>\n\n\n\n<section id=\"gmc25b2be\" class=\"wp-block-gutentor-m4 section-gmc25b2be gutentor-module gutentor-advanced-columns\"><div class=\"grid-container\"><div class=\"grid-row\">\n<div id=\"col-gmec5f95\" class=\"wp-block-gutentor-m4-col col-gmec5f95 gutentor-single-column  grid-lg-12 grid-md-12 grid-12\"><div id=\"section-gmec5f95\" class=\"section-gmec5f95 gutentor-col-wrap\">\n<div id=\"section-g053dc9\" class=\"wp-block-gutentor-e1 section-g053dc9 gutentor-element gutentor-element-advanced-text\"><div class=\"gutentor-text-wrap\"><h2 class=\"gutentor-text\"><strong>Johanneskirchplatz<\/strong><\/h2><\/div><\/div>\n\n\n\n<div id=\"section-g16d7b6\" class=\"wp-block-gutentor-e1 section-g16d7b6 gutentor-element gutentor-element-advanced-text\"><div class=\"gutentor-text-wrap\"><p class=\"gutentor-text\">Hanau, Johanneskirchplatz 1<br>Umbau, Anbau und Sanierung der Alten Johanneskirche<\/p><\/div><\/div>\n\n\n\n<div id=\"section-gd421c2\" class=\"wp-block-gutentor-e1 section-gd421c2 gutentor-element gutentor-element-advanced-text\"><div class=\"gutentor-text-wrap\"><p class=\"gutentor-text\"><a href=\"https:\/\/www.ingdbt.de\/content\/denkmalschutz\/\"><span style=\"color:#1442a7\" class=\"has-inline-color\">&gt; \u00dcbersicht Denkmalschutz<\/span><\/a><\/p><\/div><\/div>\n<\/div><\/div>\n<\/div><\/div><\/section>\n\n\n\n<section id=\"gmdfae9c0\" class=\"wp-block-gutentor-m4 section-gmdfae9c0 gutentor-module gutentor-advanced-columns\"><div class=\"grid-container\"><div class=\"grid-row\">\n<div id=\"col-gma866eb\" class=\"wp-block-gutentor-m4-col col-gma866eb gutentor-single-column  grid-lg-6 grid-md-12 grid-12\"><div id=\"section-gma866eb\" class=\"section-gma866eb gutentor-col-wrap\">\n<div id=\"section-g5f7d12\" class=\"wp-block-gutentor-e6 section-g5f7d12 gutentor-element gutentor-element-image\"><div class=\"gutentor-element-image-box\"><div class=\"gutentor-image-thumb\"><img decoding=\"async\" class=\"normal-image\" src=\"https:\/\/www.ingdbt.de\/content\/wp-content\/uploads\/2021\/07\/Johanneskirchplatz-1b.jpg\"\/><\/div><\/div><\/div>\n<\/div><\/div>\n\n\n\n<div id=\"col-gmf9d742\" class=\"wp-block-gutentor-m4-col col-gmf9d742 gutentor-single-column  grid-lg-6 grid-md-12 grid-12\"><div id=\"section-gmf9d742\" class=\"section-gmf9d742 gutentor-col-wrap\">\n<div id=\"section-g96aef4\" class=\"wp-block-gutentor-e6 section-g96aef4 gutentor-element gutentor-element-image\"><div class=\"gutentor-element-image-box\"><div class=\"gutentor-image-thumb\"><img decoding=\"async\" class=\"normal-image\" src=\"https:\/\/www.ingdbt.de\/content\/wp-content\/uploads\/2021\/07\/Johanneskirchplatz-1a-1.jpg\"\/><\/div><\/div><\/div>\n<\/div><\/div>\n<\/div><\/div><\/section>\n\n\n\n<section id=\"gmb3220b3\" class=\"wp-block-gutentor-m4 section-gmb3220b3 gutentor-module gutentor-advanced-columns\"><div class=\"grid-container\"><div class=\"grid-row\">\n<div id=\"col-gm61987d\" class=\"wp-block-gutentor-m4-col col-gm61987d gutentor-single-column  grid-lg-12 grid-md-12 grid-12\"><div id=\"section-gm61987d\" class=\"section-gm61987d gutentor-col-wrap\">\n<div id=\"section-g889b87\" class=\"wp-block-gutentor-e1 section-g889b87 gutentor-element gutentor-element-advanced-text\"><div class=\"gutentor-text-wrap\"><h4 class=\"gutentor-text\">Leistungen DBT<\/h4><\/div><\/div>\n\n\n\n<div id=\"section-gfd4475\" class=\"wp-block-gutentor-e7 section-gfd4475 gutentor-element gutentor-element-list\"><ul class=\"grid-row gutentor-grid-item-wrap list-indicator-icon\"><li class=\"gutentor-list-item grid-lg-12 grid-md-12 grid-12\"><span class=\"gutentor-single-item gutentor-single-item-0\"><span class=\"gutentor-list-item-wrap g-s-list-wrap\"><span class=\"gutentor-single-list-item-icon\"><i class=\"list-item-icon fas fa-arrow-right\"><\/i><\/span><span class=\"gutentor-list-item\"><p class=\"gutentor-single-item-title\">Tragwerksplanung (Lph. 1-6 + 8)<\/p><\/span><\/span><\/span><\/li><li class=\"gutentor-list-item grid-lg-12 grid-md-12 grid-12\"><span class=\"gutentor-single-item gutentor-single-item-1\"><span class=\"gutentor-list-item-wrap g-s-list-wrap\"><span class=\"gutentor-single-list-item-icon\"><i class=\"list-item-icon fas fa-arrow-right\"><\/i><\/span><span class=\"gutentor-list-item\"><p class=\"gutentor-single-item-title\">Nachweis Schallschutz<\/p><\/span><\/span><\/span><\/li><li class=\"gutentor-list-item grid-lg-12 grid-md-12 grid-12\"><span class=\"gutentor-single-item gutentor-single-item-2\"><span class=\"gutentor-list-item-wrap g-s-list-wrap\"><span class=\"gutentor-single-list-item-icon\"><i class=\"list-item-icon fas fa-arrow-right\"><\/i><\/span><span class=\"gutentor-list-item\"><p class=\"gutentor-single-item-title\">Nachweis W\u00e4rmeschutz<\/p><\/span><\/span><\/span><\/li><\/ul><\/div>\n\n\n\n<div id=\"section-gcae10e\" class=\"wp-block-gutentor-e1 section-gcae10e gutentor-element gutentor-element-advanced-text\"><div class=\"gutentor-text-wrap\"><h4 class=\"gutentor-text\">Architekten<\/h4><\/div><\/div>\n\n\n\n<div id=\"section-g998828\" class=\"wp-block-gutentor-e7 section-g998828 gutentor-element gutentor-element-list\"><ul class=\"grid-row gutentor-grid-item-wrap list-indicator-icon\"><li class=\"gutentor-list-item grid-lg-12 grid-md-12 grid-12\"><span class=\"gutentor-single-item gutentor-single-item-0\"><span class=\"gutentor-list-item-wrap g-s-list-wrap\"><span class=\"gutentor-single-list-item-icon\"><i class=\"list-item-icon fas fa-arrow-right\"><\/i><\/span><span class=\"gutentor-list-item\"><p class=\"gutentor-single-item-title\">CNK Planungsgesellschaft mbH, Hanau<\/p><\/span><\/span><\/span><\/li><\/ul><\/div>\n\n\n\n<div id=\"section-g470dba\" class=\"wp-block-gutentor-e1 section-g470dba gutentor-element gutentor-element-advanced-text\"><div class=\"gutentor-text-wrap\"><h4 class=\"gutentor-text\">Bauherr<\/h4><\/div><\/div>\n\n\n\n<div id=\"section-g069089\" class=\"wp-block-gutentor-e7 section-g069089 gutentor-element gutentor-element-list\"><ul class=\"grid-row gutentor-grid-item-wrap list-indicator-icon\"><li class=\"gutentor-list-item grid-lg-12 grid-md-12 grid-12\"><span class=\"gutentor-single-item gutentor-single-item-0\"><span class=\"gutentor-list-item-wrap g-s-list-wrap\"><span class=\"gutentor-single-list-item-icon\"><i class=\"list-item-icon fas fa-arrow-right\"><\/i><\/span><span class=\"gutentor-list-item\"><p class=\"gutentor-single-item-title\">Evangelische Stadtkirchengemeinde Hanau<\/p><\/span><\/span><\/span><\/li><\/ul><\/div>\n\n\n\n<div id=\"section-gc74b98\" class=\"wp-block-gutentor-e1 section-gc74b98 gutentor-element gutentor-element-advanced-text\"><div class=\"gutentor-text-wrap\"><h4 class=\"gutentor-text\">Konstruktion<\/h4><\/div><\/div>\n\n\n\n<div id=\"section-ga7ff28\" class=\"wp-block-gutentor-e7 section-ga7ff28 gutentor-element gutentor-element-list\"><ul class=\"grid-row gutentor-grid-item-wrap list-indicator-icon\"><li class=\"gutentor-list-item grid-lg-12 grid-md-12 grid-12\"><span class=\"gutentor-single-item gutentor-single-item-0\"><span class=\"gutentor-list-item-wrap g-s-list-wrap\"><span class=\"gutentor-single-list-item-icon\"><i class=\"list-item-icon fas fa-arrow-right\"><\/i><\/span><span class=\"gutentor-list-item\"><p class=\"gutentor-single-item-title\">Erbaut 1658, Hauptgeb\u00e4udes besteht aus dicken Umfassungsw\u00e4nden aus Natursteinmauerwerk und nachtr\u00e4glich eingezogenen Mittelw\u00e4nden.<\/p><\/span><\/span><\/span><\/li><\/ul><\/div>\n<\/div><\/div>\n<\/div><\/div><\/section>\n","protected":false},"excerpt":{"rendered":"","protected":false},"author":1,"featured_media":0,"parent":0,"menu_order":0,"comment_status":"closed","ping_status":"closed","template":"template-gutentor-full-width.php","meta":{"footnotes":""},"class_list":["post-466","page","type-page","status-publish","hentry"],"_links":{"self":[{"href":"https:\/\/www.ingdbt.de\/content\/wp-json\/wp\/v2\/pages\/466","targetHints":{"allow":["GET"]}}],"collection":[{"href":"https:\/\/www.ingdbt.de\/content\/wp-json\/wp\/v2\/pages"}],"about":[{"href":"https:\/\/www.ingdbt.de\/content\/wp-json\/wp\/v2\/types\/page"}],"author":[{"embeddable":true,"href":"https:\/\/www.ingdbt.de\/content\/wp-json\/wp\/v2\/users\/1"}],"replies":[{"embeddable":true,"href":"https:\/\/www.ingdbt.de\/content\/wp-json\/wp\/v2\/comments?post=466"}],"version-history":[{"count":8,"href":"https:\/\/www.ingdbt.de\/content\/wp-json\/wp\/v2\/pages\/466\/revisions"}],"predecessor-version":[{"id":1328,"href":"https:\/\/www.ingdbt.de\/content\/wp-json\/wp\/v2\/pages\/466\/revisions\/1328"}],"wp:attachment":[{"href":"https:\/\/www.ingdbt.de\/content\/wp-json\/wp\/v2\/media?parent=466"}],"curies":[{"name":"wp","href":"https:\/\/api.w.org\/{rel}","templated":true}]}}