{"id":371,"date":"2021-07-05T08:27:37","date_gmt":"2021-07-05T06:27:37","guid":{"rendered":"https:\/\/www.ingdbt.de\/content\/?page_id=371"},"modified":"2025-10-31T14:25:08","modified_gmt":"2025-10-31T13:25:08","slug":"neubau-wohn-und-buerogebaeude","status":"publish","type":"page","link":"https:\/\/www.ingdbt.de\/content\/neubau-wohn-und-buerogebaeude\/","title":{"rendered":"Neubau Wohn- und B\u00fcrogeb\u00e4ude"},"content":{"rendered":"\n<section id=\"section-e20d48c7-7e5a-448b-9139-d78b370afa19\" class=\"wp-block-gutentor-image-slider gutentor-section gutentor-image-slider imageSlider-template1 text-left\"><div class=\"gutentor-grid-item-wrap\"><div class=\"gutentor-slider-wrapper\" data-dots=\"false\" data-arrows=\"false\" data-infinite=\"true\" data-nextarrow=\"fas fa-angle-right\" data-prevarrow=\"fas fa-angle-left\" data-autoplay=\"true\" data-autoplayspeed=\"5000\" data-fade=\"true\" data-speed=\"1500\"><div class=\"gutentor-slider-item\"><div class=\"gutentor-single-item gutentor-single-item-0\"><div class=\"gutentor-single-item-wrap\"><div class=\"gutentor-single-item-image-box\"><div class=\"gutentor-bg-image\"><div class=\"overlay\"><\/div><\/div><\/div><div class=\"gutentor-single-item-content\"><div class=\"grid-container\"><div class=\"slider-caption text-left\"><h2 class=\"gutentor-single-item-title\">Beratende Ingenieure f\u00fcr Bauwesen<\/h2><\/div><\/div><\/div><\/div><\/div><\/div><\/div><\/div><\/section>\n\n\n\n<section id=\"gme5fdcd9\" class=\"wp-block-gutentor-m4 section-gme5fdcd9 gutentor-module gutentor-advanced-columns\"><div class=\"grid-container\"><div class=\"grid-row\">\n<div id=\"col-gm40b917\" class=\"wp-block-gutentor-m4-col col-gm40b917 gutentor-single-column  grid-lg-12 grid-md-12 grid-12\"><div id=\"section-gm40b917\" class=\"section-gm40b917 gutentor-col-wrap\">\n<div id=\"section-ge7aba6\" class=\"wp-block-gutentor-e1 section-ge7aba6 gutentor-element gutentor-element-advanced-text\"><div class=\"gutentor-text-wrap\"><h2 class=\"gutentor-text\">Neubau Wohn- und B\u00fcrogeb\u00e4ude<\/h2><\/div><\/div>\n\n\n\n<div id=\"section-g5b2723\" class=\"wp-block-gutentor-e1 section-g5b2723 gutentor-element gutentor-element-advanced-text\"><div class=\"gutentor-text-wrap\"><p class=\"gutentor-text\">Frankfurt am Main, Bockenheimer Landstra\u00dfe<br>7-geschossiges B\u00fcrogeb\u00e4ude in Massivbauweise mit einem Untergeschoss und 7-geschossiges Wohngeb\u00e4ude<\/p><\/div><\/div>\n\n\n\n<div id=\"section-g54e0dd\" class=\"wp-block-gutentor-e1 section-g54e0dd gutentor-element gutentor-element-advanced-text\"><div class=\"gutentor-text-wrap\"><p class=\"gutentor-text\"><a href=\"https:\/\/www.ingdbt.de\/content\/wohn-und-geschaeftshaeuser\/\"><span style=\"color:#1442a7\" class=\"has-inline-color\">&gt; \u00dcbersicht Wohn- und Gesch\u00e4ftsh\u00e4user<\/span><\/a><\/p><\/div><\/div>\n<\/div><\/div>\n<\/div><\/div><\/section>\n\n\n\n<section id=\"gme8c11b3\" class=\"wp-block-gutentor-m4 section-gme8c11b3 gutentor-module gutentor-advanced-columns\"><div class=\"grid-container\"><div class=\"grid-row\">\n<div id=\"col-gm4e2ba8\" class=\"wp-block-gutentor-m4-col col-gm4e2ba8 gutentor-single-column  grid-lg-6 grid-md-12 grid-12\"><div id=\"section-gm4e2ba8\" class=\"section-gm4e2ba8 gutentor-col-wrap\">\n<div id=\"section-ga6b5b2\" class=\"wp-block-gutentor-e6 section-ga6b5b2 gutentor-element gutentor-element-image\"><div class=\"gutentor-element-image-box\"><div class=\"gutentor-image-thumb\"><img decoding=\"async\" class=\"normal-image\" src=\"https:\/\/www.ingdbt.de\/content\/wp-content\/uploads\/2021\/07\/Buerogebaeude-Bockenheimer.jpg\"\/><\/div><\/div><\/div>\n<\/div><\/div>\n\n\n\n<div id=\"col-gma3ef8d\" class=\"wp-block-gutentor-m4-col col-gma3ef8d gutentor-single-column  grid-lg-6 grid-md-12 grid-12\"><div id=\"section-gma3ef8d\" class=\"section-gma3ef8d gutentor-col-wrap\">\n<div id=\"section-g27de74\" class=\"wp-block-gutentor-e1 section-g27de74 gutentor-element gutentor-element-advanced-text\"><div class=\"gutentor-text-wrap\"><h4 class=\"gutentor-text\">Leistungen DBT<\/h4><\/div><\/div>\n\n\n\n<div id=\"section-g13cdbc\" class=\"wp-block-gutentor-e7 section-g13cdbc gutentor-element gutentor-element-list\"><ul class=\"grid-row gutentor-grid-item-wrap list-indicator-icon\"><li class=\"gutentor-list-item grid-lg-12 grid-md-12 grid-12\"><span class=\"gutentor-single-item gutentor-single-item-0\"><span class=\"gutentor-list-item-wrap g-s-list-wrap\"><span class=\"gutentor-single-list-item-icon\"><i class=\"list-item-icon fas fa-arrow-right\"><\/i><\/span><span class=\"gutentor-list-item\"><p class=\"gutentor-single-item-title\">Tragwerksplanung f\u00fcr Wohn- und B\u00fcrogeb\u00e4ude mit Tiefgarage<\/p><\/span><\/span><\/span><\/li><li class=\"gutentor-list-item grid-lg-12 grid-md-12 grid-12\"><span class=\"gutentor-single-item gutentor-single-item-1\"><span class=\"gutentor-list-item-wrap g-s-list-wrap\"><span class=\"gutentor-single-list-item-icon\"><i class=\"list-item-icon fas fa-arrow-right\"><\/i><\/span><span class=\"gutentor-list-item\"><p class=\"gutentor-single-item-title\">Schal- und Bewehrungzeichnungen<\/p><\/span><\/span><\/span><\/li><li class=\"gutentor-list-item grid-lg-12 grid-md-12 grid-12\"><span class=\"gutentor-single-item gutentor-single-item-2\"><span class=\"gutentor-list-item-wrap g-s-list-wrap\"><span class=\"gutentor-single-list-item-icon\"><i class=\"list-item-icon fas fa-arrow-right\"><\/i><\/span><span class=\"gutentor-list-item\"><p class=\"gutentor-single-item-title\">W\u00e4rme- und Schallschutznachweise<\/p><\/span><\/span><\/span><\/li><\/ul><\/div>\n\n\n\n<div id=\"section-g12612a\" class=\"wp-block-gutentor-e1 section-g12612a gutentor-element gutentor-element-advanced-text\"><div class=\"gutentor-text-wrap\"><h4 class=\"gutentor-text\"><br>Architekten<\/h4><\/div><\/div>\n\n\n\n<div id=\"section-ge73f36\" class=\"wp-block-gutentor-e7 section-ge73f36 gutentor-element gutentor-element-list\"><ul class=\"grid-row gutentor-grid-item-wrap list-indicator-icon\"><li class=\"gutentor-list-item grid-lg-12 grid-md-12 grid-12\"><span class=\"gutentor-single-item gutentor-single-item-0\"><span class=\"gutentor-list-item-wrap g-s-list-wrap\"><span class=\"gutentor-single-list-item-icon\"><i class=\"list-item-icon fas fa-arrow-right\"><\/i><\/span><span class=\"gutentor-list-item\"><p class=\"gutentor-single-item-title\">KSP Engel und Zimmermann GmbH, Frankfurt<\/p><\/span><\/span><\/span><\/li><\/ul><\/div>\n\n\n\n<div id=\"section-gb738cf\" class=\"wp-block-gutentor-e1 section-gb738cf gutentor-element gutentor-element-advanced-text\"><div class=\"gutentor-text-wrap\"><h4 class=\"gutentor-text\">Bauherr<\/h4><\/div><\/div>\n\n\n\n<div id=\"section-g9b52d5\" class=\"wp-block-gutentor-e7 section-g9b52d5 gutentor-element gutentor-element-list\"><ul class=\"grid-row gutentor-grid-item-wrap list-indicator-icon\"><li class=\"gutentor-list-item grid-lg-12 grid-md-12 grid-12\"><span class=\"gutentor-single-item gutentor-single-item-0\"><span class=\"gutentor-list-item-wrap g-s-list-wrap\"><span class=\"gutentor-single-list-item-icon\"><i class=\"list-item-icon fas fa-arrow-right\"><\/i><\/span><span class=\"gutentor-list-item\"><p class=\"gutentor-single-item-title\">Nord &#8211; West &#8211; Ring, Mainhausen<\/p><\/span><\/span><\/span><\/li><\/ul><\/div>\n<\/div><\/div>\n<\/div><\/div><\/section>\n","protected":false},"excerpt":{"rendered":"","protected":false},"author":1,"featured_media":0,"parent":0,"menu_order":0,"comment_status":"closed","ping_status":"closed","template":"template-gutentor-full-width.php","meta":{"footnotes":""},"class_list":["post-371","page","type-page","status-publish","hentry"],"_links":{"self":[{"href":"https:\/\/www.ingdbt.de\/content\/wp-json\/wp\/v2\/pages\/371","targetHints":{"allow":["GET"]}}],"collection":[{"href":"https:\/\/www.ingdbt.de\/content\/wp-json\/wp\/v2\/pages"}],"about":[{"href":"https:\/\/www.ingdbt.de\/content\/wp-json\/wp\/v2\/types\/page"}],"author":[{"embeddable":true,"href":"https:\/\/www.ingdbt.de\/content\/wp-json\/wp\/v2\/users\/1"}],"replies":[{"embeddable":true,"href":"https:\/\/www.ingdbt.de\/content\/wp-json\/wp\/v2\/comments?post=371"}],"version-history":[{"count":5,"href":"https:\/\/www.ingdbt.de\/content\/wp-json\/wp\/v2\/pages\/371\/revisions"}],"predecessor-version":[{"id":1310,"href":"https:\/\/www.ingdbt.de\/content\/wp-json\/wp\/v2\/pages\/371\/revisions\/1310"}],"wp:attachment":[{"href":"https:\/\/www.ingdbt.de\/content\/wp-json\/wp\/v2\/media?parent=371"}],"curies":[{"name":"wp","href":"https:\/\/api.w.org\/{rel}","templated":true}]}}