{"id":312,"date":"2021-07-02T15:48:48","date_gmt":"2021-07-02T13:48:48","guid":{"rendered":"https:\/\/www.ingdbt.de\/content\/?page_id=312"},"modified":"2025-11-03T08:17:33","modified_gmt":"2025-11-03T07:17:33","slug":"impressum","status":"publish","type":"page","link":"https:\/\/www.ingdbt.de\/content\/impressum\/","title":{"rendered":"Impressum"},"content":{"rendered":"\n<section id=\"section-e20d48c7-7e5a-448b-9139-d78b370afa19\" class=\"wp-block-gutentor-image-slider gutentor-section gutentor-image-slider imageSlider-template1 text-left\"><div class=\"gutentor-grid-item-wrap\"><div class=\"gutentor-slider-wrapper\" data-dots=\"false\" data-arrows=\"false\" data-infinite=\"true\" data-nextarrow=\"fas fa-angle-right\" data-prevarrow=\"fas fa-angle-left\" data-autoplay=\"true\" data-autoplayspeed=\"5000\" data-fade=\"true\" data-speed=\"1500\"><div class=\"gutentor-slider-item\"><div class=\"gutentor-single-item gutentor-single-item-0\"><div class=\"gutentor-single-item-wrap\"><div class=\"gutentor-single-item-image-box\"><div class=\"gutentor-bg-image\"><div class=\"overlay\"><\/div><\/div><\/div><div class=\"gutentor-single-item-content\"><div class=\"grid-container\"><div class=\"slider-caption text-left\"><h2 class=\"gutentor-single-item-title\">Beratende Ingenieure f\u00fcr Bauwesen<\/h2><\/div><\/div><\/div><\/div><\/div><\/div><\/div><\/div><\/section>\n\n\n\n<section id=\"gm2e95309\" class=\"wp-block-gutentor-m4 section-gm2e95309 gutentor-module gutentor-advanced-columns\"><div class=\"grid-container\"><div class=\"grid-row\">\n<div id=\"col-gm61a74a\" class=\"wp-block-gutentor-m4-col col-gm61a74a gutentor-single-column  grid-lg-12 grid-md-12 grid-12\"><div id=\"section-gm61a74a\" class=\"section-gm61a74a gutentor-col-wrap\">\n<div id=\"section-g02a9d7\" class=\"wp-block-gutentor-e1 section-g02a9d7 gutentor-element gutentor-element-advanced-text\"><div class=\"gutentor-text-wrap\"><h2 class=\"gutentor-text\">Impressum<\/h2><\/div><\/div>\n\n\n\n<div id=\"section-ga1cfa0\" class=\"wp-block-gutentor-e1 section-ga1cfa0 gutentor-element gutentor-element-advanced-text\"><div class=\"gutentor-text-wrap\"><p class=\"gutentor-text\">Die Internetseite www.ingdbt.de wird unterhalten von<br><br>DBT Ingenieursoziet\u00e4t<br>Gutleutstra\u00dfe 175<br>60327 Frankfurt am Main<br><br>Telefon 069 \/ 242318 &#8211; 0<br>Telefax 069 \/ 242318 &#8211; 50<br>Email:&nbsp;<a href=\"mailto:info@ingdbt.de\">info@ingdbt.de<\/a><br><br>Gesch\u00e4ftsf\u00fchrer:<br>Dr.-Ing. Ulrich Deutsch<br>Inhaltlich verantwortlich gem\u00e4\u00df \u00a7 6 MDStV:<br>Dr.-Ing. Ulrich Deutsch<br><br>USt-IdNr.: DE112001539<br><br><strong>Haftungsausschluss:<\/strong><br><br>Der Inhaber dieser Seite \u00fcbernimmt keinerlei Gew\u00e4hr f\u00fcr die Aktualit\u00e4t, Korrektheit, Vollst\u00e4ndigkeit oder Qualit\u00e4t der bereitgestellten Informationen. Haftungsanspr\u00fcche gegen ihn, welche sich auf Sch\u00e4den materieller oder ideeller Art beziehen, die durch die Nutzung oder Nichtnutzung fehlerhafter oder unvollst\u00e4ndiger Informationen verursacht werden, sind grunds\u00e4tzlich ausgeschlossen, sofern seitens des Inhabers kein nachweislich vors\u00e4tzliches oder grob fahrl\u00e4ssiges Verhalten vorliegt.<br><br>Bei direkten oder indirekten Verweisen auf fremde Internetseiten (&#8222;Links&#8220;), die au\u00dferhalb des Verantwortungsbereichs des Betreibers liegen, k\u00e4me eine Haftung lediglich dann in Betracht, wenn der Inhaber dieser Seite von den Inhalten Kenntnis hat, und es ihm technisch m\u00f6glich und zumutbar w\u00e4re, die Nutzung im Falle rechtswidriger Inhalte zu verhindern.<br><br>Der Inhaber dieser Seite erkl\u00e4rt hiermit ausdr\u00fccklich, dass zum Zeitpunkt der Linksetzung keine illegalen Inhalte auf den zu verlinkenden Seiten erkennbar waren. Auf die aktuelle und zuk\u00fcnftige Gestaltung, die Inhalte oder die Urheberschaft der verlinkten\/verkn\u00fcpften Seiten hat er keinerlei Einfluss. Deshalb distanziert er sich hiermit ausdr\u00fccklich von allen Inhalten verlinkter\/verkn\u00fcpfter Seiten, die nach der Linksetzung ver\u00e4ndert worden sind. Diese Feststellung gilt f\u00fcr alle innerhalb des eigenen Internetangebotes gesetzten Links und Verweise sowie f\u00fcr Fremdeintr\u00e4ge in vom Betreiber eingerichteten G\u00e4steb\u00fcchern, Diskussionsforen und Mailinglisten. F\u00fcr illegale, fehlerhafte oder unvollst\u00e4ndige Inhalte und insbesondere f\u00fcr Sch\u00e4den, die aus den Nutzungen oder Nichtnutzungen solcher angebotener Informationen entstehen, haftet allein der Anbieter der Seite, auf welche verwiesen wurde, nicht indes derjenige, der \u00fcber Links auf die jeweilige Ver\u00f6ffentlichung lediglich verweist.<br>Sollten Teile oder einzelne Formulierungen des Haftungsausschlusses der geltenden Rechtslage nicht, nicht mehr oder nicht vollst\u00e4ndig entsprechen, bleiben die \u00fcbrigen Teile in ihrem Inhalt und ihre G\u00fcltigkeit davon unber\u00fchrt.<br><br><strong>Urheberrecht:<\/strong><br>Das Layout der Homepage, die verwendeten Grafiken sowie die Sammlung der Beitr\u00e4ge sind urheberrechtlich gesch\u00fctzt. Die Seiten d\u00fcrfen auch&nbsp;zum privaten Gebrauch nicht&nbsp;vervielf\u00e4ltigt, \u00c4nderungen nicht vorgenommen und Vervielf\u00e4ltigungsst\u00fccke weder verbreitet noch zu \u00f6ffentlichen Wiedergaben benutzt werden. Die Vervielf\u00e4ltigung von Informationen oder Daten, insbesondere die Verwendung von Texten, Textteilen oder Bildmaterial bedarf der vorherigen Zustimmung der DBT Ingenieursoziet\u00e4t.<\/p><\/div><\/div>\n<\/div><\/div>\n<\/div><\/div><\/section>\n","protected":false},"excerpt":{"rendered":"","protected":false},"author":1,"featured_media":0,"parent":0,"menu_order":0,"comment_status":"closed","ping_status":"closed","template":"template-gutentor-full-width.php","meta":{"footnotes":""},"class_list":["post-312","page","type-page","status-publish","hentry"],"_links":{"self":[{"href":"https:\/\/www.ingdbt.de\/content\/wp-json\/wp\/v2\/pages\/312","targetHints":{"allow":["GET"]}}],"collection":[{"href":"https:\/\/www.ingdbt.de\/content\/wp-json\/wp\/v2\/pages"}],"about":[{"href":"https:\/\/www.ingdbt.de\/content\/wp-json\/wp\/v2\/types\/page"}],"author":[{"embeddable":true,"href":"https:\/\/www.ingdbt.de\/content\/wp-json\/wp\/v2\/users\/1"}],"replies":[{"embeddable":true,"href":"https:\/\/www.ingdbt.de\/content\/wp-json\/wp\/v2\/comments?post=312"}],"version-history":[{"count":5,"href":"https:\/\/www.ingdbt.de\/content\/wp-json\/wp\/v2\/pages\/312\/revisions"}],"predecessor-version":[{"id":1353,"href":"https:\/\/www.ingdbt.de\/content\/wp-json\/wp\/v2\/pages\/312\/revisions\/1353"}],"wp:attachment":[{"href":"https:\/\/www.ingdbt.de\/content\/wp-json\/wp\/v2\/media?parent=312"}],"curies":[{"name":"wp","href":"https:\/\/api.w.org\/{rel}","templated":true}]}}