{"id":234,"date":"2021-07-02T12:19:53","date_gmt":"2021-07-02T10:19:53","guid":{"rendered":"https:\/\/www.ingdbt.de\/content\/?page_id=234"},"modified":"2021-07-09T09:27:12","modified_gmt":"2021-07-09T07:27:12","slug":"bayerische-vereinsbank","status":"publish","type":"page","link":"https:\/\/www.ingdbt.de\/content\/bayerische-vereinsbank\/","title":{"rendered":"Bayerische Vereinsbank"},"content":{"rendered":"\n<section id=\"gm65dd69b\" class=\"wp-block-gutentor-m4 section-gm65dd69b gutentor-module gutentor-advanced-columns\"><div class=\"grid-container\"><div class=\"grid-row\">\n<div id=\"col-gm9d832c\" class=\"wp-block-gutentor-m4-col col-gm9d832c gutentor-single-column  grid-lg-12 grid-md-12 grid-12\"><div id=\"section-gm9d832c\" class=\"section-gm9d832c gutentor-col-wrap\">\n<div id=\"section-gd76de2\" class=\"wp-block-gutentor-e1 section-gd76de2 gutentor-element gutentor-element-advanced-text\"><div class=\"gutentor-text-wrap\"><h2 class=\"gutentor-text\"><strong>Bayerische Vereinsbank<\/strong><\/h2><\/div><\/div>\n\n\n\n<div id=\"section-g428c54\" class=\"wp-block-gutentor-e1 section-g428c54 gutentor-element gutentor-element-advanced-text\"><div class=\"gutentor-text-wrap\"><p class=\"gutentor-text\">Frankfurt am Main, Mainzer Landstra\u00dfe \/\u00a0Weserstra\u00dfe<\/p><\/div><\/div>\n\n\n\n<div id=\"section-gab35a2\" class=\"wp-block-gutentor-e1 section-gab35a2 gutentor-element gutentor-element-advanced-text\"><div class=\"gutentor-text-wrap\"><p class=\"gutentor-text\"><a href=\"https:\/\/www.ingdbt.de\/content\/verwaltungsgebaeude\/\"><span style=\"color:#1442a7\" class=\"has-inline-color\">> \u00dcbersicht Verwaltungsgeb\u00e4ude<\/span><\/a><\/p><\/div><\/div>\n<\/div><\/div>\n<\/div><\/div><\/section>\n\n\n\n<section id=\"gmf5f4787\" class=\"wp-block-gutentor-m4 section-gmf5f4787 gutentor-module gutentor-advanced-columns\"><div class=\"grid-container\"><div class=\"grid-row\">\n<div id=\"col-gma537ac\" class=\"wp-block-gutentor-m4-col col-gma537ac gutentor-single-column  grid-lg-6 grid-md-12 grid-12\"><div id=\"section-gma537ac\" class=\"section-gma537ac gutentor-col-wrap\">\n<div id=\"section-g0f5ba5\" class=\"wp-block-gutentor-e6 section-g0f5ba5 gutentor-element gutentor-element-image\"><div class=\"gutentor-element-image-box\"><div class=\"gutentor-image-thumb\"><img decoding=\"async\" class=\"normal-image\" src=\"https:\/\/www.ingdbt.de\/content\/wp-content\/uploads\/2021\/07\/bayerische-vereinsbank-2.jpg\"\/><\/div><\/div><\/div>\n<\/div><\/div>\n\n\n\n<div id=\"col-gm406e56\" class=\"wp-block-gutentor-m4-col col-gm406e56 gutentor-single-column  grid-lg-6 grid-md-12 grid-12\"><div id=\"section-gm406e56\" class=\"section-gm406e56 gutentor-col-wrap\">\n<div id=\"section-gd58b9d\" class=\"wp-block-gutentor-e1 section-gd58b9d gutentor-element gutentor-element-advanced-text\"><div class=\"gutentor-text-wrap\"><h4 class=\"gutentor-text\">Konstruktion<\/h4><\/div><\/div>\n\n\n\n<div id=\"section-ge366d7\" class=\"wp-block-gutentor-e1 section-ge366d7 gutentor-element gutentor-element-advanced-text\"><div class=\"gutentor-text-wrap\"><p class=\"gutentor-text\">13-geschossiges Verwaltungsgeb\u00e4ude in Massivbauweise mit 2 Untergeschossen, auf Stahlbetonplatte gegr\u00fcndet. Das Geb\u00e4ude wurde \u00fcber der doppelten Tunnelr\u00f6hre der Frankfurter S-Bahn geplant, die Standsicherheit der Tunnelr\u00f6hre rechnerisch nachgewiesen<\/p><\/div><\/div>\n\n\n\n<div id=\"section-g80ee6d\" class=\"wp-block-gutentor-e1 section-g80ee6d gutentor-element gutentor-element-advanced-text\"><div class=\"gutentor-text-wrap\"><h4 class=\"gutentor-text\">Architekten<\/h4><\/div><\/div>\n\n\n\n<div id=\"section-gbb8511\" class=\"wp-block-gutentor-e1 section-gbb8511 gutentor-element gutentor-element-advanced-text\"><div class=\"gutentor-text-wrap\"><p class=\"gutentor-text\">NHT &#8211; N\u00e4gele-Hofmann-Tiedemann, Frankfurt<\/p><\/div><\/div>\n\n\n\n<div id=\"section-ge1da8e\" class=\"wp-block-gutentor-e1 section-ge1da8e gutentor-element gutentor-element-advanced-text\"><div class=\"gutentor-text-wrap\"><h4 class=\"gutentor-text\">Bauherr<\/h4><\/div><\/div>\n\n\n\n<div id=\"section-gfbfccf\" class=\"wp-block-gutentor-e1 section-gfbfccf gutentor-element gutentor-element-advanced-text\"><div class=\"gutentor-text-wrap\"><p class=\"gutentor-text\">Bayerische Vereinsbank<\/p><\/div><\/div>\n<\/div><\/div>\n<\/div><\/div><\/section>\n","protected":false},"excerpt":{"rendered":"","protected":false},"author":1,"featured_media":0,"parent":0,"menu_order":0,"comment_status":"closed","ping_status":"closed","template":"template-gutentor-full-width.php","meta":{"footnotes":""},"class_list":["post-234","page","type-page","status-publish","hentry"],"_links":{"self":[{"href":"https:\/\/www.ingdbt.de\/content\/wp-json\/wp\/v2\/pages\/234","targetHints":{"allow":["GET"]}}],"collection":[{"href":"https:\/\/www.ingdbt.de\/content\/wp-json\/wp\/v2\/pages"}],"about":[{"href":"https:\/\/www.ingdbt.de\/content\/wp-json\/wp\/v2\/types\/page"}],"author":[{"embeddable":true,"href":"https:\/\/www.ingdbt.de\/content\/wp-json\/wp\/v2\/users\/1"}],"replies":[{"embeddable":true,"href":"https:\/\/www.ingdbt.de\/content\/wp-json\/wp\/v2\/comments?post=234"}],"version-history":[{"count":5,"href":"https:\/\/www.ingdbt.de\/content\/wp-json\/wp\/v2\/pages\/234\/revisions"}],"predecessor-version":[{"id":630,"href":"https:\/\/www.ingdbt.de\/content\/wp-json\/wp\/v2\/pages\/234\/revisions\/630"}],"wp:attachment":[{"href":"https:\/\/www.ingdbt.de\/content\/wp-json\/wp\/v2\/media?parent=234"}],"curies":[{"name":"wp","href":"https:\/\/api.w.org\/{rel}","templated":true}]}}